{"id":331,"date":"2021-04-22T12:39:15","date_gmt":"2021-04-22T10:39:15","guid":{"rendered":"https:\/\/ecosistemalitoral.dival.es\/?page_id=331"},"modified":"2021-05-11T16:15:30","modified_gmt":"2021-05-11T14:15:30","slug":"descargas","status":"publish","type":"page","link":"https:\/\/ecosistemalitoral.dival.es\/index.php\/es\/descargas\/","title":{"rendered":"Descargas"},"content":{"rendered":"<p>[et_pb_section fb_built=&#8221;1&#8243; _builder_version=&#8221;4.6.1&#8243; _module_preset=&#8221;default&#8221; background_color=&#8221;#92c4c9&#8243; background_enable_image=&#8221;off&#8221;][et_pb_row column_structure=&#8221;1_3,1_3,1_3&#8243; _builder_version=&#8221;4.6.1&#8243; _module_preset=&#8221;default&#8221;][et_pb_column type=&#8221;1_3&#8243; _builder_version=&#8221;4.6.1&#8243; _module_preset=&#8221;default&#8221;][et_pb_image src=&#8221;http:\/\/ecosistemalitoral.dival.es\/wp-content\/uploads\/libro.jpg&#8221; title_text=&#8221;libro&#8221; align=&#8221;right&#8221; align_tablet=&#8221;center&#8221; align_phone=&#8221;&#8221; align_last_edited=&#8221;on|tablet&#8221; _builder_version=&#8221;4.6.1&#8243; _module_preset=&#8221;default&#8221;][\/et_pb_image][\/et_pb_column][et_pb_column type=&#8221;1_3&#8243; _builder_version=&#8221;4.6.1&#8243; _module_preset=&#8221;default&#8221;][et_pb_text _builder_version=&#8221;4.6.1&#8243; _module_preset=&#8221;default&#8221; header_2_font=&#8221;|||on|||||&#8221; header_2_text_align=&#8221;left&#8221; header_2_text_color=&#8221;#ffffff&#8221;]<\/p>\n<h2>Desc\u00e1rgate nuestra gu\u00eda sobre el chorlitejo patinegro y el ecosistema litoral<\/h2>\n<p>[\/et_pb_text][et_pb_divider color=&#8221;#b7b7b7&#8243; divider_weight=&#8221;3px&#8221; _builder_version=&#8221;4.6.1&#8243; _module_preset=&#8221;default&#8221; background_color=&#8221;rgba(0,0,0,0)&#8221; max_width=&#8221;16%&#8221; module_alignment=&#8221;center&#8221; border_color_all=&#8221;rgba(0,0,0,0)&#8221;][\/et_pb_divider][et_pb_text _builder_version=&#8221;4.6.1&#8243; _module_preset=&#8221;default&#8221; text_text_color=&#8221;#ffffff&#8221;]<\/p>\n<p>Conoce a esta peque\u00f1a ave, sus costumbres, su h\u00e1bitat, cu\u00e1ndo nidifica y por qu\u00e9 es tan importante protegerle.<\/p>\n<p>[\/et_pb_text][et_pb_button button_url=&#8221;https:\/\/ecosistemalitoral.dival.es\/wp-content\/uploads\/guia_castellano_paginas-sueltas-web-1.pdf&#8221; url_new_window=&#8221;on&#8221; button_text=&#8221;DESCARGAR&#8221; button_alignment=&#8221;center&#8221; _builder_version=&#8221;4.6.1&#8243; _module_preset=&#8221;default&#8221; custom_button=&#8221;on&#8221; button_text_size=&#8221;12px&#8221; button_text_color=&#8221;#ffffff&#8221; button_bg_color=&#8221;#bca17d&#8221; button_border_width=&#8221;0px&#8221; button_border_radius=&#8221;0px&#8221; button_use_icon=&#8221;off&#8221; background_layout=&#8221;dark&#8221; custom_padding=&#8221;10px|40px|10px|40px|false|false&#8221;][\/et_pb_button][\/et_pb_column][et_pb_column type=&#8221;1_3&#8243; _builder_version=&#8221;4.6.1&#8243; _module_preset=&#8221;default&#8221;][\/et_pb_column][\/et_pb_row][\/et_pb_section][et_pb_section fb_built=&#8221;1&#8243; admin_label=&#8221;Secci\u00f3n&#8221; _builder_version=&#8221;4.6.1&#8243; _module_preset=&#8221;default&#8221; background_enable_color=&#8221;off&#8221; background_image=&#8221;https:\/\/ecosistemalitoral.dival.es\/wp-content\/uploads\/adhesivos_mockup.jpg&#8221; custom_padding=&#8221;250px||250px||false|false&#8221;][et_pb_row column_structure=&#8221;1_3,1_3,1_3&#8243; _builder_version=&#8221;4.6.1&#8243; _module_preset=&#8221;default&#8221; custom_margin=&#8221;||||false|false&#8221;][et_pb_column type=&#8221;1_3&#8243; _builder_version=&#8221;4.6.1&#8243; _module_preset=&#8221;default&#8221;][\/et_pb_column][et_pb_column type=&#8221;1_3&#8243; _builder_version=&#8221;4.6.1&#8243; _module_preset=&#8221;default&#8221;][et_pb_button button_url=&#8221;https:\/\/ecosistemalitoral.dival.es\/wp-content\/uploads\/pegatina_corriol_web_compressed.pdf&#8221; url_new_window=&#8221;on&#8221; button_text=&#8221;IMPR\u00cdMETE TUS PROPIOS ADHESIVOS DEL CHORLITEJO PATINEGRO&#8221; button_alignment=&#8221;center&#8221; _builder_version=&#8221;4.6.1&#8243; _module_preset=&#8221;default&#8221; custom_button=&#8221;on&#8221; button_text_size=&#8221;18px&#8221; button_text_color=&#8221;#000000&#8243; button_bg_color=&#8221;#92c4c9&#8243; button_border_width=&#8221;0px&#8221; button_border_radius=&#8221;0px&#8221; button_font=&#8221;|700|||||||&#8221; button_use_icon=&#8221;off&#8221; custom_padding=&#8221;10px|40px|10px|40px|false|false&#8221; hover_enabled=&#8221;0&#8243; sticky_enabled=&#8221;0&#8243;][\/et_pb_button][\/et_pb_column][et_pb_column type=&#8221;1_3&#8243; _builder_version=&#8221;4.6.1&#8243; _module_preset=&#8221;default&#8221;][\/et_pb_column][\/et_pb_row][\/et_pb_section][et_pb_section fb_built=&#8221;1&#8243; _builder_version=&#8221;4.6.1&#8243; _module_preset=&#8221;default&#8221; background_color=&#8221;#cccc66&#8243; background_enable_image=&#8221;off&#8221;][et_pb_row column_structure=&#8221;1_3,1_3,1_3&#8243; _builder_version=&#8221;4.6.1&#8243; _module_preset=&#8221;default&#8221;][et_pb_column type=&#8221;1_3&#8243; _builder_version=&#8221;4.6.1&#8243; _module_preset=&#8221;default&#8221;][et_pb_image src=&#8221;https:\/\/ecosistemalitoral.dival.es\/wp-content\/uploads\/guia_dunas.jpg&#8221; title_text=&#8221;guia_dunas&#8221; align=&#8221;right&#8221; align_tablet=&#8221;center&#8221; align_phone=&#8221;&#8221; align_last_edited=&#8221;on|tablet&#8221; _builder_version=&#8221;4.6.1&#8243; _module_preset=&#8221;default&#8221;][\/et_pb_image][\/et_pb_column][et_pb_column type=&#8221;1_3&#8243; _builder_version=&#8221;4.6.1&#8243; _module_preset=&#8221;default&#8221;][et_pb_text _builder_version=&#8221;4.6.1&#8243; _module_preset=&#8221;default&#8221; header_2_font=&#8221;|||on|||||&#8221; header_2_text_align=&#8221;left&#8221; header_2_text_color=&#8221;#ffffff&#8221;]<\/p>\n<h2>Desc\u00e1rgate nuestra folleto sobre los sistemas dunares<\/h2>\n<p>[\/et_pb_text][et_pb_divider color=&#8221;#b7b7b7&#8243; divider_weight=&#8221;3px&#8221; _builder_version=&#8221;4.6.1&#8243; _module_preset=&#8221;default&#8221; background_color=&#8221;rgba(0,0,0,0)&#8221; max_width=&#8221;16%&#8221; module_alignment=&#8221;center&#8221; border_color_all=&#8221;rgba(0,0,0,0)&#8221;][\/et_pb_divider][et_pb_text _builder_version=&#8221;4.6.1&#8243; _module_preset=&#8221;default&#8221; text_text_color=&#8221;#ffffff&#8221;]<\/p>\n<p>Descubre la importancia de este ecosistema en el Mediterr\u00e1neo.<\/p>\n<p>[\/et_pb_text][et_pb_button button_url=&#8221;https:\/\/ecosistemalitoral.dival.es\/index.php\/sistemes-dunars-va\/&#8221; url_new_window=&#8221;on&#8221; button_text=&#8221;DESCARGAR&#8221; button_alignment=&#8221;center&#8221; _builder_version=&#8221;4.6.1&#8243; _module_preset=&#8221;default&#8221; custom_button=&#8221;on&#8221; button_text_size=&#8221;12px&#8221; button_text_color=&#8221;#ffffff&#8221; button_bg_color=&#8221;#bca17d&#8221; button_border_width=&#8221;0px&#8221; button_border_radius=&#8221;0px&#8221; button_use_icon=&#8221;off&#8221; background_layout=&#8221;dark&#8221; custom_padding=&#8221;10px|40px|10px|40px|false|false&#8221;][\/et_pb_button][\/et_pb_column][et_pb_column type=&#8221;1_3&#8243; _builder_version=&#8221;4.6.1&#8243; _module_preset=&#8221;default&#8221;][\/et_pb_column][\/et_pb_row][\/et_pb_section][et_pb_section fb_built=&#8221;1&#8243; _builder_version=&#8221;4.6.1&#8243; _module_preset=&#8221;default&#8221; background_color=&#8221;#92c4c9&#8243; background_enable_image=&#8221;off&#8221;][et_pb_row column_structure=&#8221;1_3,1_3,1_3&#8243; _builder_version=&#8221;4.6.1&#8243; _module_preset=&#8221;default&#8221;][et_pb_column type=&#8221;1_3&#8243; _builder_version=&#8221;4.6.1&#8243; _module_preset=&#8221;default&#8221;][et_pb_image src=&#8221;https:\/\/ecosistemalitoral.dival.es\/wp-content\/uploads\/guia_posidonia_castellano.jpg&#8221; title_text=&#8221;guia_posidonia_castellano&#8221; align=&#8221;right&#8221; align_tablet=&#8221;center&#8221; align_phone=&#8221;&#8221; align_last_edited=&#8221;on|tablet&#8221; _builder_version=&#8221;4.6.1&#8243; _module_preset=&#8221;default&#8221;][\/et_pb_image][\/et_pb_column][et_pb_column type=&#8221;1_3&#8243; _builder_version=&#8221;4.6.1&#8243; _module_preset=&#8221;default&#8221;][et_pb_text _builder_version=&#8221;4.6.1&#8243; _module_preset=&#8221;default&#8221; header_2_font=&#8221;|||on|||||&#8221; header_2_text_align=&#8221;left&#8221; header_2_text_color=&#8221;#ffffff&#8221;]<\/p>\n<h2>Desc\u00e1rgate nuestro folleto sobre la posidonia<\/h2>\n<p>[\/et_pb_text][et_pb_divider color=&#8221;#b7b7b7&#8243; divider_weight=&#8221;3px&#8221; _builder_version=&#8221;4.6.1&#8243; _module_preset=&#8221;default&#8221; background_color=&#8221;rgba(0,0,0,0)&#8221; max_width=&#8221;16%&#8221; module_alignment=&#8221;center&#8221; border_color_all=&#8221;rgba(0,0,0,0)&#8221;][\/et_pb_divider][et_pb_text _builder_version=&#8221;4.6.1&#8243; _module_preset=&#8221;default&#8221; text_text_color=&#8221;#ffffff&#8221;]<\/p>\n<p>Conocer y proteger a esta planta end\u00e9mica del Mediterr\u00e1neo.<\/p>\n<p>[\/et_pb_text][et_pb_button button_url=&#8221;https:\/\/ecosistemalitoral.dival.es\/index.php\/posidonia-castellano\/&#8221; url_new_window=&#8221;on&#8221; button_text=&#8221;DESCARGAR&#8221; button_alignment=&#8221;center&#8221; _builder_version=&#8221;4.6.1&#8243; _module_preset=&#8221;default&#8221; custom_button=&#8221;on&#8221; button_text_size=&#8221;12px&#8221; button_text_color=&#8221;#ffffff&#8221; button_bg_color=&#8221;#bca17d&#8221; button_border_width=&#8221;0px&#8221; button_border_radius=&#8221;0px&#8221; button_use_icon=&#8221;off&#8221; background_layout=&#8221;dark&#8221; custom_padding=&#8221;10px|40px|10px|40px|false|false&#8221;][\/et_pb_button][\/et_pb_column][et_pb_column type=&#8221;1_3&#8243; _builder_version=&#8221;4.6.1&#8243; _module_preset=&#8221;default&#8221;][\/et_pb_column][\/et_pb_row][\/et_pb_section]<\/p>\n","protected":false},"excerpt":{"rendered":"<p>[et_pb_section fb_built=&#8221;1&#8243; _builder_version=&#8221;4.6.1&#8243; _module_preset=&#8221;default&#8221; background_color=&#8221;#92c4c9&#8243; background_enable_image=&#8221;off&#8221;][et_pb_row column_structure=&#8221;1_3,1_3,1_3&#8243; _builder_version=&#8221;4.6.1&#8243; _module_preset=&#8221;default&#8221;][et_pb_column type=&#8221;1_3&#8243; _builder_version=&#8221;4.6.1&#8243; _module_preset=&#8221;default&#8221;][et_pb_image src=&#8221;http:\/\/ecosistemalitoral.dival.es\/wp-content\/uploads\/libro.jpg&#8221; title_text=&#8221;libro&#8221; align=&#8221;right&#8221; align_tablet=&#8221;center&#8221; align_phone=&#8221;&#8221; align_last_edited=&#8221;on|tablet&#8221; _builder_version=&#8221;4.6.1&#8243; _module_preset=&#8221;default&#8221;][\/et_pb_image][\/et_pb_column][et_pb_column type=&#8221;1_3&#8243; _builder_version=&#8221;4.6.1&#8243; _module_preset=&#8221;default&#8221;][et_pb_text _builder_version=&#8221;4.6.1&#8243; _module_preset=&#8221;default&#8221; header_2_font=&#8221;|||on|||||&#8221; header_2_text_align=&#8221;left&#8221; header_2_text_color=&#8221;#ffffff&#8221;] Desc\u00e1rgate nuestra gu\u00eda sobre el chorlitejo patinegro y el ecosistema litoral [\/et_pb_text][et_pb_divider color=&#8221;#b7b7b7&#8243; divider_weight=&#8221;3px&#8221; _builder_version=&#8221;4.6.1&#8243; _module_preset=&#8221;default&#8221; background_color=&#8221;rgba(0,0,0,0)&#8221; max_width=&#8221;16%&#8221; module_alignment=&#8221;center&#8221; border_color_all=&#8221;rgba(0,0,0,0)&#8221;][\/et_pb_divider][et_pb_text _builder_version=&#8221;4.6.1&#8243; _module_preset=&#8221;default&#8221; text_text_color=&#8221;#ffffff&#8221;] Conoce a esta peque\u00f1a [&hellip;]<\/p>\n","protected":false},"author":6,"featured_media":0,"parent":0,"menu_order":0,"comment_status":"closed","ping_status":"closed","template":"","meta":{"_et_pb_use_builder":"on","_et_pb_old_content":"","_et_gb_content_width":""},"yoast_head":"<!-- This site is optimized with the Yoast SEO plugin v15.2.1 - https:\/\/yoast.com\/wordpress\/plugins\/seo\/ -->\n<title>Descargas - Ecosistema litoral<\/title>\n<meta name=\"robots\" content=\"index, follow, max-snippet:-1, max-image-preview:large, max-video-preview:-1\" \/>\n<link rel=\"canonical\" href=\"https:\/\/ecosistemalitoral.dival.es\/index.php\/es\/descargas\/\" \/>\n<meta property=\"og:locale\" content=\"es_ES\" \/>\n<meta property=\"og:type\" content=\"article\" \/>\n<meta property=\"og:title\" content=\"Descargas - Ecosistema litoral\" \/>\n<meta property=\"og:description\" content=\"[et_pb_section fb_built=&#8221;1&#8243; _builder_version=&#8221;4.6.1&#8243; _module_preset=&#8221;default&#8221; background_color=&#8221;#92c4c9&#8243; background_enable_image=&#8221;off&#8221;][et_pb_row column_structure=&#8221;1_3,1_3,1_3&#8243; _builder_version=&#8221;4.6.1&#8243; _module_preset=&#8221;default&#8221;][et_pb_column type=&#8221;1_3&#8243; _builder_version=&#8221;4.6.1&#8243; _module_preset=&#8221;default&#8221;][et_pb_image src=&#8221;http:\/\/ecosistemalitoral.dival.es\/wp-content\/uploads\/libro.jpg&#8221; title_text=&#8221;libro&#8221; align=&#8221;right&#8221; align_tablet=&#8221;center&#8221; align_phone=&#8221;&#8221; align_last_edited=&#8221;on|tablet&#8221; _builder_version=&#8221;4.6.1&#8243; _module_preset=&#8221;default&#8221;][\/et_pb_image][\/et_pb_column][et_pb_column type=&#8221;1_3&#8243; _builder_version=&#8221;4.6.1&#8243; _module_preset=&#8221;default&#8221;][et_pb_text _builder_version=&#8221;4.6.1&#8243; _module_preset=&#8221;default&#8221; header_2_font=&#8221;|||on|||||&#8221; header_2_text_align=&#8221;left&#8221; header_2_text_color=&#8221;#ffffff&#8221;] Desc\u00e1rgate nuestra gu\u00eda sobre el chorlitejo patinegro y el ecosistema litoral [\/et_pb_text][et_pb_divider color=&#8221;#b7b7b7&#8243; divider_weight=&#8221;3px&#8221; _builder_version=&#8221;4.6.1&#8243; _module_preset=&#8221;default&#8221; background_color=&#8221;rgba(0,0,0,0)&#8221; max_width=&#8221;16%&#8221; module_alignment=&#8221;center&#8221; border_color_all=&#8221;rgba(0,0,0,0)&#8221;][\/et_pb_divider][et_pb_text _builder_version=&#8221;4.6.1&#8243; _module_preset=&#8221;default&#8221; text_text_color=&#8221;#ffffff&#8221;] Conoce a esta peque\u00f1a [&hellip;]\" \/>\n<meta property=\"og:url\" content=\"https:\/\/ecosistemalitoral.dival.es\/index.php\/es\/descargas\/\" \/>\n<meta property=\"og:site_name\" content=\"Ecosistema litoral\" \/>\n<meta property=\"article:modified_time\" content=\"2021-05-11T14:15:30+00:00\" \/>\n<meta name=\"twitter:card\" content=\"summary_large_image\" \/>\n<meta name=\"twitter:label1\" content=\"Escrito por\">\n\t<meta name=\"twitter:data1\" content=\"Ana Nieto\">\n\t<meta name=\"twitter:label2\" content=\"Tiempo de lectura\">\n\t<meta name=\"twitter:data2\" content=\"4 minutos\">\n<script type=\"application\/ld+json\" class=\"yoast-schema-graph\">{\"@context\":\"https:\/\/schema.org\",\"@graph\":[{\"@type\":\"WebSite\",\"@id\":\"https:\/\/ecosistemalitoral.dival.es\/#website\",\"url\":\"https:\/\/ecosistemalitoral.dival.es\/\",\"name\":\"Ecosistema litoral\",\"description\":\"Es el sitio por defecto\",\"potentialAction\":[{\"@type\":\"SearchAction\",\"target\":\"https:\/\/ecosistemalitoral.dival.es\/?s={search_term_string}\",\"query-input\":\"required name=search_term_string\"}],\"inLanguage\":\"es\"},{\"@type\":\"WebPage\",\"@id\":\"https:\/\/ecosistemalitoral.dival.es\/index.php\/es\/descargas\/#webpage\",\"url\":\"https:\/\/ecosistemalitoral.dival.es\/index.php\/es\/descargas\/\",\"name\":\"Descargas - Ecosistema litoral\",\"isPartOf\":{\"@id\":\"https:\/\/ecosistemalitoral.dival.es\/#website\"},\"datePublished\":\"2021-04-22T10:39:15+00:00\",\"dateModified\":\"2021-05-11T14:15:30+00:00\",\"inLanguage\":\"es\",\"potentialAction\":[{\"@type\":\"ReadAction\",\"target\":[\"https:\/\/ecosistemalitoral.dival.es\/index.php\/es\/descargas\/\"]}]}]}<\/script>\n<!-- \/ Yoast SEO plugin. -->","_links":{"self":[{"href":"https:\/\/ecosistemalitoral.dival.es\/index.php\/wp-json\/wp\/v2\/pages\/331"}],"collection":[{"href":"https:\/\/ecosistemalitoral.dival.es\/index.php\/wp-json\/wp\/v2\/pages"}],"about":[{"href":"https:\/\/ecosistemalitoral.dival.es\/index.php\/wp-json\/wp\/v2\/types\/page"}],"author":[{"embeddable":true,"href":"https:\/\/ecosistemalitoral.dival.es\/index.php\/wp-json\/wp\/v2\/users\/6"}],"replies":[{"embeddable":true,"href":"https:\/\/ecosistemalitoral.dival.es\/index.php\/wp-json\/wp\/v2\/comments?post=331"}],"version-history":[{"count":5,"href":"https:\/\/ecosistemalitoral.dival.es\/index.php\/wp-json\/wp\/v2\/pages\/331\/revisions"}],"predecessor-version":[{"id":673,"href":"https:\/\/ecosistemalitoral.dival.es\/index.php\/wp-json\/wp\/v2\/pages\/331\/revisions\/673"}],"wp:attachment":[{"href":"https:\/\/ecosistemalitoral.dival.es\/index.php\/wp-json\/wp\/v2\/media?parent=331"}],"curies":[{"name":"wp","href":"https:\/\/api.w.org\/{rel}","templated":true}]}}