{"id":539,"date":"2021-05-05T09:59:54","date_gmt":"2021-05-05T07:59:54","guid":{"rendered":"https:\/\/ecosistemalitoral.dival.es\/?page_id=539"},"modified":"2021-06-02T09:18:24","modified_gmt":"2021-06-02T07:18:24","slug":"el-corriol-camanegre","status":"publish","type":"page","link":"https:\/\/ecosistemalitoral.dival.es\/index.php\/el-corriol-camanegre\/","title":{"rendered":"El corriol camanegre"},"content":{"rendered":"<p>[et_pb_section fb_built=&#8221;1&#8243; _builder_version=&#8221;4.6.1&#8243; _module_preset=&#8221;default&#8221; custom_padding=&#8221;0px||0px|||&#8221;][et_pb_row _builder_version=&#8221;4.6.1&#8243; _module_preset=&#8221;default&#8221;][et_pb_column type=&#8221;4_4&#8243; _builder_version=&#8221;4.6.1&#8243; _module_preset=&#8221;default&#8221;][et_pb_text _builder_version=&#8221;4.6.1&#8243; _module_preset=&#8221;default&#8221; header_font=&#8221;|700||on|||||&#8221; header_font_size=&#8221;45px&#8221; header_2_font=&#8221;|700||on|||||&#8221; header_2_font_size=&#8221;45px&#8221;]<\/p>\n<h1>El corriol camanegre<\/h1>\n<p><strong><em>Charadrius alexandrinus<\/em><\/strong><\/p>\n<p>[\/et_pb_text][\/et_pb_column][\/et_pb_row][et_pb_row column_structure=&#8221;1_2,1_2&#8243; _builder_version=&#8221;4.6.1&#8243; _module_preset=&#8221;default&#8221; custom_padding=&#8221;0px|||||&#8221;][et_pb_column type=&#8221;1_2&#8243; _builder_version=&#8221;4.6.1&#8243; _module_preset=&#8221;default&#8221;][et_pb_text _builder_version=&#8221;4.6.1&#8243; _module_preset=&#8221;default&#8221; header_2_text_color=&#8221;#91b3a9&#8243; header_3_font=&#8221;|700||on|||||&#8221; header_3_text_color=&#8221;#91b3a9&#8243;]<\/p>\n<h3><span>Un supervivent a les nostres platges<\/span><\/h3>\n<p style=\"text-align: justify;\">El corriol camanegre \u00e9s un ocell protegit d\u2019uns 40 grams de pes, que habita a les nostres platges, aiguamolls i llacunes salades. Parlem d\u2019aquesta esp\u00e8cie perqu\u00e8 \u00e9s representativa en compartir moltes de les amenaces que pateix la biodiversitat de les nostres costes i aiguamolls.<\/p>\n<p style=\"text-align: justify;\">\u00c9s lim\u00edcola, \u00e9s a dir, sol viure prop del llim o llot, i s\u2019alimenta d\u2019insectes, crustacis i mol\u00b7luscos soterrats. Es diferencia d\u2019altres esp\u00e8cies de corriols pel color fosc de les seues potes.<\/p>\n<h3>H\u00e0bitat i nidificaci\u00f3<\/h3>\n<p style=\"text-align: justify;\">T\u00e9 una gran distribuci\u00f3 geogr\u00e0fica que abasta zones del nord d\u2019\u00c0frica, d\u2019Europa i d\u2019\u00c0sia, des dels 10\u02da fins als 55\u02da de latitud. Algunes poblacions s\u00f3n migrat\u00f2ries i sovint hivernen a l\u2019\u00c0frica, mentre que unes altres no migren.<\/p>\n<p style=\"text-align: justify;\">En concret, a la prov\u00edncia de Val\u00e8ncia podem veure\u2019l durant tot l\u2019any a les platges on queden dunes. Es considera una <strong>esp\u00e8cie vulnerable, i a penes se\u2019n comptabilitzen 250 parelles a la Comunitat Valenciana<\/strong>. El <strong>per\u00edode de nidificaci\u00f3<\/strong> \u00e9s de <strong>mar\u00e7 a juny<\/strong> i \u00e9s caracter\u00edstic perqu\u00e8 deixa els ous directament sobre l\u2019arena o en llocs exposats o amb un grau de cobertura vegetal escassa o variable. Aquest fet els fa molt vulnerables i en nombroses ocasions els pollets no arriben a n\u00e0ixer. El <em>Charadrius alexandrinus<\/em> sovint representa un exemple de conciliaci\u00f3, ja que el mascle i la femella s\u2019alternen per a incubar els ous durant 20-25 dies, per\u00f2 a causa de l\u2019escassa probabilitat de superviv\u00e8ncia de les cries molt sovint fan dues o tres postes, i el mascle s\u2019encarrega dels pollets mentre la femella s\u2019ocupa de fer noves postes per a garantir la continu\u00eftat de l\u2019esp\u00e8cie.<\/p>\n<p><strong><\/strong><\/p>\n<p>[\/et_pb_text][\/et_pb_column][et_pb_column type=&#8221;1_2&#8243; _builder_version=&#8221;4.6.1&#8243; _module_preset=&#8221;default&#8221;][et_pb_image src=&#8221;https:\/\/ecosistemalitoral.dival.es\/wp-content\/uploads\/chorlitejo.jpg&#8221; title_text=&#8221;chorlitejo&#8221; align=&#8221;right&#8221; _builder_version=&#8221;4.6.1&#8243; _module_preset=&#8221;default&#8221; max_width=&#8221;90%&#8221;][\/et_pb_image][\/et_pb_column][\/et_pb_row][\/et_pb_section][et_pb_section fb_built=&#8221;1&#8243; _builder_version=&#8221;4.6.1&#8243; _module_preset=&#8221;default&#8221; background_color=&#8221;#92c4c9&#8243; background_enable_image=&#8221;off&#8221; custom_padding=&#8221;0px||0px|||&#8221;][et_pb_row column_structure=&#8221;1_3,1_3,1_3&#8243; _builder_version=&#8221;4.6.1&#8243; _module_preset=&#8221;default&#8221;][et_pb_column type=&#8221;1_3&#8243; _builder_version=&#8221;4.6.1&#8243; _module_preset=&#8221;default&#8221;][et_pb_image src=&#8221;https:\/\/ecosistemalitoral.dival.es\/wp-content\/uploads\/guia_valenciano_imagen.jpg&#8221; title_text=&#8221;guia_valenciano_imagen&#8221; align=&#8221;right&#8221; align_tablet=&#8221;center&#8221; align_phone=&#8221;&#8221; align_last_edited=&#8221;on|tablet&#8221; _builder_version=&#8221;4.6.1&#8243; _module_preset=&#8221;default&#8221;][\/et_pb_image][\/et_pb_column][et_pb_column type=&#8221;1_3&#8243; _builder_version=&#8221;4.6.1&#8243; _module_preset=&#8221;default&#8221;][et_pb_text _builder_version=&#8221;4.6.1&#8243; _module_preset=&#8221;default&#8221; header_2_font=&#8221;|||on|||||&#8221; header_2_text_align=&#8221;left&#8221; header_2_text_color=&#8221;#ffffff&#8221;]<\/p>\n<h2>Descarrega\u2019t la nostra guia sobre el corriol camanegre i l\u2019ecosistema litoral<\/h2>\n<p>[\/et_pb_text][et_pb_divider color=&#8221;#b7b7b7&#8243; divider_weight=&#8221;3px&#8221; _builder_version=&#8221;4.6.1&#8243; _module_preset=&#8221;default&#8221; background_color=&#8221;rgba(0,0,0,0)&#8221; max_width=&#8221;16%&#8221; module_alignment=&#8221;center&#8221; border_color_all=&#8221;rgba(0,0,0,0)&#8221;][\/et_pb_divider][et_pb_text _builder_version=&#8221;4.6.1&#8243; _module_preset=&#8221;default&#8221; text_text_color=&#8221;#ffffff&#8221;]<\/p>\n<p>Coneix aquest ocell, els seus costums, el seu h\u00e0bitat, quan nidifica i per qu\u00e8 \u00e9s tan important protegir-lo.<\/p>\n<p>[\/et_pb_text][et_pb_button button_url=&#8221;https:\/\/ecosistemalitoral.dival.es\/index.php\/guia-chorlitejo-va\/&#8221; url_new_window=&#8221;on&#8221; button_text=&#8221;DESCARREGAR&#8221; button_alignment=&#8221;center&#8221; _builder_version=&#8221;4.6.1&#8243; _module_preset=&#8221;default&#8221; custom_button=&#8221;on&#8221; button_text_size=&#8221;12px&#8221; button_text_color=&#8221;#ffffff&#8221; button_bg_color=&#8221;#bca17d&#8221; button_border_width=&#8221;0px&#8221; button_border_radius=&#8221;0px&#8221; button_use_icon=&#8221;off&#8221; background_layout=&#8221;dark&#8221; custom_padding=&#8221;10px|40px|10px|40px|false|false&#8221;][\/et_pb_button][\/et_pb_column][et_pb_column type=&#8221;1_3&#8243; _builder_version=&#8221;4.6.1&#8243; _module_preset=&#8221;default&#8221;][\/et_pb_column][\/et_pb_row][\/et_pb_section][et_pb_section fb_built=&#8221;1&#8243; _builder_version=&#8221;4.6.1&#8243; _module_preset=&#8221;default&#8221; custom_padding=&#8221;0px||29px|||&#8221;][et_pb_row column_structure=&#8221;1_4,1_2,1_4&#8243; _builder_version=&#8221;4.6.1&#8243; _module_preset=&#8221;default&#8221; custom_margin=&#8221;1px|auto||auto||&#8221;][et_pb_column type=&#8221;1_4&#8243; _builder_version=&#8221;4.6.1&#8243; _module_preset=&#8221;default&#8221;][\/et_pb_column][et_pb_column type=&#8221;1_2&#8243; _builder_version=&#8221;4.6.1&#8243; _module_preset=&#8221;default&#8221;][et_pb_text _builder_version=&#8221;4.6.1&#8243; _module_preset=&#8221;default&#8221; header_2_font=&#8221;|600||on|||||&#8221; header_2_text_align=&#8221;center&#8221; header_2_text_color=&#8221;#000000&#8243; header_2_font_size=&#8221;20px&#8221; custom_margin=&#8221;50px||10px||false|false&#8221; locked=&#8221;off&#8221;]<\/p>\n<h2>Platges VALENCIANES on podem trobar-lo perqu\u00e8 tenen un sistema dunar m\u00e9s desenvolupat:<\/h2>\n<p>[\/et_pb_text][\/et_pb_column][et_pb_column type=&#8221;1_4&#8243; _builder_version=&#8221;4.6.1&#8243; _module_preset=&#8221;default&#8221;][\/et_pb_column][\/et_pb_row][\/et_pb_section][et_pb_section fb_built=&#8221;1&#8243; fullwidth=&#8221;on&#8221; _builder_version=&#8221;4.6.1&#8243; _module_preset=&#8221;default&#8221; background_color=&#8221;#ccdcff&#8221;][et_pb_fullwidth_code raw_content_tablet=&#8221;&#8221; raw_content_phone=&#8221;<\/p>\n<div class=%22overlay%22>\n<iframe src=%22https:\/\/www.google.com\/maps\/d\/embed?mid=165DHvpSWIrYAv08qBHw-JP77pJ3i9_3D&#038;hl=es&#038;z=9&#038;ll=39.28532984535923%2C-0.0036008610644533423%22 class=%22mapa-maps%22 onClick=%22style.pointerEvents='none'%22 scrolling=%22no%22><\/iframe>\n<\/div>\n<p>&#8221; raw_content_last_edited=&#8221;on|phone&#8221; _builder_version=&#8221;4.6.1&#8243; _module_preset=&#8221;default&#8221; background_color=&#8221;#ccdcff&#8221; custom_margin=&#8221;|0px||||&#8221; custom_padding=&#8221;|0px||||&#8221;]<\/p>\n<div class=\"overlay\"><!-- [et_pb_line_break_holder] --><iframe src=\"https:\/\/www.google.com\/maps\/d\/embed?mid=165DHvpSWIrYAv08qBHw-JP77pJ3i9_3D&#038;hl=es&#038;z=9\" class=\"mapa-maps\" onClick=\"style.pointerEvents='none'\" scrolling=\"no\"><\/iframe><!-- [et_pb_line_break_holder] --><\/div>\n<p><!-- [et_pb_line_break_holder] --><!-- [et_pb_line_break_holder] -->[\/et_pb_fullwidth_code][\/et_pb_section][et_pb_section fb_built=&#8221;1&#8243; _builder_version=&#8221;4.6.1&#8243; _module_preset=&#8221;default&#8221; custom_padding=&#8221;||0px|||&#8221;][et_pb_row _builder_version=&#8221;4.6.1&#8243; _module_preset=&#8221;default&#8221;][et_pb_column type=&#8221;4_4&#8243; _builder_version=&#8221;4.6.1&#8243; _module_preset=&#8221;default&#8221;][et_pb_text _builder_version=&#8221;4.6.1&#8243; _module_preset=&#8221;default&#8221; header_3_font=&#8221;|700||on|||||&#8221; header_3_text_color=&#8221;#91b3a9&#8243;]<\/p>\n<h3>Amenaces<\/h3>\n<p style=\"text-align: justify;\">\n<p>L\u2019amena\u00e7a m\u00e9s important a la qual es veu sotm\u00e9s aquest ocell \u00e9s la p\u00e8rdua i l\u2019alteraci\u00f3 del seu h\u00e0bitat, per la construcci\u00f3 de cases a les zones de platja i d\u2019aiguamolls, de manera que els seus indrets habituals de nidificaci\u00f3 es veuen alterats. Aix\u00f2 ha provocat els \u00faltims anys un descens considerable de la seua poblaci\u00f3 a les nostres costes. La pres\u00e8ncia massiva de persones a la platja, el tr\u00e0fec de mascotes, la pr\u00e0ctica d\u2019esports aqu\u00e0tics i la neteja mecanitzada en \u00e8poca de cria s\u00f3n altres aspectes que els influeixen negativament.<\/p>\n<p>\u00c9s possible consultar l\u2019informe de seguiment de les poblacions nidificants de corriol camanegre a la Comunitat Valenciana de l\u2019any 2020 en <a href=\"https:\/\/parquesnaturales.gva.es\/documents\/80302883\/162014203\/Seguimiento+de+las+poblaciones+nidificantes+de+chorlitejo+patinegro+en+la+CV_2020.pdf\/1a1a9925-cfaf-49c0-b9ae-b276eeb622ac\" target=\"_blank\" rel=\"noopener noreferrer\">l&#8217;enlla\u00e7<\/a>\u00a0seg\u00fcent, on es pot apreciar com les parelles censades a penes han variat en l\u2019\u00faltim any, 259 el 2020 davant les 263 del 2019.<\/p>\n<p>[\/et_pb_text][\/et_pb_column][\/et_pb_row][\/et_pb_section][et_pb_section fb_built=&#8221;1&#8243; fullwidth=&#8221;on&#8221; _builder_version=&#8221;4.6.1&#8243; _module_preset=&#8221;default&#8221;][et_pb_fullwidth_image src=&#8221;https:\/\/ecosistemalitoral.dival.es\/wp-content\/uploads\/amenazas_vl.gif&#8221; title_text=&#8221;amenazas_vl&#8221; _builder_version=&#8221;4.6.1&#8243; _module_preset=&#8221;default&#8221;][\/et_pb_fullwidth_image][\/et_pb_section][et_pb_section fb_built=&#8221;1&#8243; _builder_version=&#8221;4.6.1&#8243; _module_preset=&#8221;default&#8221;][et_pb_row column_structure=&#8221;1_2,1_2&#8243; _builder_version=&#8221;4.6.1&#8243; _module_preset=&#8221;default&#8221;][et_pb_column type=&#8221;1_2&#8243; _builder_version=&#8221;4.6.1&#8243; _module_preset=&#8221;default&#8221;][et_pb_image src=&#8221;https:\/\/ecosistemalitoral.dival.es\/wp-content\/uploads\/chorlitejo_en_playa_cedida_por_espai_simbiosi.jpg&#8221; title_text=&#8221;chorlitejo_en_playa_cedida_por_espai_simbiosi&#8221; _builder_version=&#8221;4.6.1&#8243; _module_preset=&#8221;default&#8221;][\/et_pb_image][et_pb_text _builder_version=&#8221;4.6.1&#8243; _module_preset=&#8221;default&#8221; text_text_color=&#8221;#91b3a9&#8243;]<\/p>\n<p>Exemplar de corriol camanegre en l\u2019arena de la platja.<\/p>\n<p>[\/et_pb_text][\/et_pb_column][et_pb_column type=&#8221;1_2&#8243; _builder_version=&#8221;4.6.1&#8243; _module_preset=&#8221;default&#8221;][et_pb_image src=&#8221;https:\/\/ecosistemalitoral.dival.es\/wp-content\/uploads\/IMG_1283.jpg&#8221; title_text=&#8221;IMG_1283&#8243; _builder_version=&#8221;4.6.1&#8243; _module_preset=&#8221;default&#8221;][\/et_pb_image][et_pb_text _builder_version=&#8221;4.6.1&#8243; _module_preset=&#8221;default&#8221; text_text_color=&#8221;#91b3a9&#8243;]<\/p>\n<p>Senyalitzaci\u00f3 d\u2019\u00e0rea de nidificaci\u00f3 i delimitaci\u00f3 amb palissades.<\/p>\n<p>[\/et_pb_text][\/et_pb_column][\/et_pb_row][\/et_pb_section][et_pb_section fb_built=&#8221;1&#8243; _builder_version=&#8221;4.6.1&#8243; _module_preset=&#8221;default&#8221; background_enable_color=&#8221;off&#8221; background_image=&#8221;https:\/\/ecosistemalitoral.dival.es\/wp-content\/uploads\/adhesivos_mockup.jpg&#8221; custom_padding=&#8221;250px||250px||false|false&#8221;][et_pb_row column_structure=&#8221;1_3,1_3,1_3&#8243; _builder_version=&#8221;4.6.1&#8243; _module_preset=&#8221;default&#8221; custom_margin=&#8221;||||false|false&#8221;][et_pb_column type=&#8221;1_3&#8243; _builder_version=&#8221;4.6.1&#8243; _module_preset=&#8221;default&#8221;][\/et_pb_column][et_pb_column type=&#8221;1_3&#8243; _builder_version=&#8221;4.6.1&#8243; _module_preset=&#8221;default&#8221;][et_pb_button button_url=&#8221;https:\/\/ecosistemalitoral.dival.es\/index.php\/pegatinas_chorlitejo_va\/&#8221; url_new_window=&#8221;on&#8221; button_text=&#8221;IMPRIMEIX ELS TEUS PROPIS ADHESIUS DEL CORRIOL CAMANEGRE&#8221; button_alignment=&#8221;center&#8221; _builder_version=&#8221;4.6.1&#8243; _module_preset=&#8221;default&#8221; custom_button=&#8221;on&#8221; button_text_size=&#8221;18px&#8221; button_text_color=&#8221;#000000&#8243; button_bg_color=&#8221;#92c4c9&#8243; button_border_width=&#8221;0px&#8221; button_border_radius=&#8221;0px&#8221; button_font=&#8221;|700|||||||&#8221; button_use_icon=&#8221;off&#8221; custom_padding=&#8221;10px|40px|10px|40px|false|false&#8221;][\/et_pb_button][\/et_pb_column][et_pb_column type=&#8221;1_3&#8243; _builder_version=&#8221;4.6.1&#8243; _module_preset=&#8221;default&#8221;][\/et_pb_column][\/et_pb_row][\/et_pb_section][et_pb_section fb_built=&#8221;1&#8243; _builder_version=&#8221;4.6.1&#8243; _module_preset=&#8221;default&#8221;][et_pb_row _builder_version=&#8221;4.6.1&#8243; _module_preset=&#8221;default&#8221;][et_pb_column type=&#8221;4_4&#8243; _builder_version=&#8221;4.6.1&#8243; _module_preset=&#8221;default&#8221;][et_pb_text _builder_version=&#8221;4.6.1&#8243; _module_preset=&#8221;default&#8221; header_3_font=&#8221;|700||on|||||&#8221; header_3_text_color=&#8221;#91b3a9&#8243; text_orientation=&#8221;justified&#8221;]<\/p>\n<h3 style=\"text-align: justify;\">Gesti\u00f3<\/h3>\n<p style=\"text-align: justify;\">Conscients d\u2019aquest problema, s\u2019est\u00e0 actuant per a revertir aquesta situaci\u00f3 des de diversos fronts com la col\u00b7locaci\u00f3 de tanques de protecci\u00f3 que delimiten l\u2019acc\u00e9s a les dunes, restriccions en algunes platges en la neteja mec\u00e0nica en \u00e8poca de nidificaci\u00f3 i campanyes de divulgaci\u00f3 perqu\u00e8 tots i totes coneguem i valorem aquest ocellet.<\/p>\n<h3>Curiositats<\/h3>\n<p>Es va elegir Ocell de l\u2019Any 2019 per votaci\u00f3 popular, organitzada per SEO\/BirdLife, i gr\u00e0cies a aquest fet cada vegada m\u00e9s persones coneixen aquest ocell i \u00e9s factible una major conscienciaci\u00f3 de la seua situaci\u00f3.<\/p>\n<p>A les zones de costa s\u2019alimenta principalment de crustacis, cucs i mol\u00b7luscos. Tamb\u00e9 de puces de mar, que captura quan es retiren les ones i corre velo\u00e7ment sobre l\u2019arena amb el cos mig ajupit, un gest molt caracter\u00edstic d\u2019aquest corriol. Tanmateix, a les zones d\u2019interior s\u2019alimenta d\u2019insectes adults, larves d\u2019escarabats, mosques, formigues i invertebrats.<\/p>\n<p>Resulta curiosa tamb\u00e9 la seua coloraci\u00f3, s\u00f3n caracter\u00edstics el bec i les potes tant en mascles com en femelles i el plomatge \u00e9s dim\u00f2rfic quan s\u00f3n adults (diferent en mascles i femelles). Per exemple, durant l\u2019\u00e8poca de cria, els mascles tenen una barra negra horitzontal al cap i dues bandes fosques als costats, mentre que les femelles no presenten aquestes taques i tenen un to m\u00e9s p\u00e0l\u00b7lid en general.<\/p>\n<p>[\/et_pb_text][\/et_pb_column][\/et_pb_row][et_pb_row column_structure=&#8221;1_2,1_2&#8243; _builder_version=&#8221;4.6.1&#8243; _module_preset=&#8221;default&#8221; background_color=&#8221;#92c4c9&#8243;][et_pb_column type=&#8221;1_2&#8243; _builder_version=&#8221;4.6.1&#8243; _module_preset=&#8221;default&#8221;][et_pb_image src=&#8221;https:\/\/ecosistemalitoral.dival.es\/wp-content\/uploads\/chorli-ok.png&#8221; title_text=&#8221;chorli-ok&#8221; align=&#8221;center&#8221; _builder_version=&#8221;4.6.1&#8243; _module_preset=&#8221;default&#8221;][\/et_pb_image][\/et_pb_column][et_pb_column type=&#8221;1_2&#8243; _builder_version=&#8221;4.6.1&#8243; _module_preset=&#8221;default&#8221;][et_pb_text _builder_version=&#8221;4.6.1&#8243; _module_preset=&#8221;default&#8221; text_text_color=&#8221;#ffffff&#8221; header_4_text_color=&#8221;#ffffff&#8221; header_4_font_size=&#8221;26px&#8221; custom_padding=&#8221;|50px||50px|false|false&#8221; custom_padding_tablet=&#8221;&#8221; custom_padding_phone=&#8221;|15px||15px|false|false&#8221; custom_padding_last_edited=&#8221;on|phone&#8221; header_4_font_size_tablet=&#8221;&#8221; header_4_font_size_phone=&#8221;20px&#8221; header_4_font_size_last_edited=&#8221;on|phone&#8221;]<\/p>\n<h4>Com podem ajudar-lo en la seua recuperaci\u00f3?<\/h4>\n<ul>\n<li><span> <\/span><span>Accedint a la platja pels llocs habilitats.<\/span><\/li>\n<li><span> <\/span><span>No deixant les mascotes soltes a la platja.<\/span><\/li>\n<li><span> <\/span><span>Mantenint la platja i els entorns naturals nets.<\/span><\/li>\n<li><span> <\/span><span>Gaudint de l\u2019entorn amb cura i respecte.<\/span><\/li>\n<li><span>Coneixent-lo millor i participant en iniciatives dels municipis costaners que efectuen accions de conservaci\u00f3 i vigil\u00e0ncia de les dunes.<\/span><\/li>\n<\/ul>\n<p>[\/et_pb_text][\/et_pb_column][\/et_pb_row][\/et_pb_section]<\/p>\n","protected":false},"excerpt":{"rendered":"<p>[et_pb_section fb_built=&#8221;1&#8243; _builder_version=&#8221;4.6.1&#8243; _module_preset=&#8221;default&#8221; custom_padding=&#8221;0px||0px|||&#8221;][et_pb_row _builder_version=&#8221;4.6.1&#8243; _module_preset=&#8221;default&#8221;][et_pb_column type=&#8221;4_4&#8243; _builder_version=&#8221;4.6.1&#8243; _module_preset=&#8221;default&#8221;][et_pb_text _builder_version=&#8221;4.6.1&#8243; _module_preset=&#8221;default&#8221; header_font=&#8221;|700||on|||||&#8221; header_font_size=&#8221;45px&#8221; header_2_font=&#8221;|700||on|||||&#8221; header_2_font_size=&#8221;45px&#8221;] El corriol camanegre Charadrius alexandrinus [\/et_pb_text][\/et_pb_column][\/et_pb_row][et_pb_row column_structure=&#8221;1_2,1_2&#8243; _builder_version=&#8221;4.6.1&#8243; _module_preset=&#8221;default&#8221; custom_padding=&#8221;0px|||||&#8221;][et_pb_column type=&#8221;1_2&#8243; _builder_version=&#8221;4.6.1&#8243; _module_preset=&#8221;default&#8221;][et_pb_text _builder_version=&#8221;4.6.1&#8243; _module_preset=&#8221;default&#8221; header_2_text_color=&#8221;#91b3a9&#8243; header_3_font=&#8221;|700||on|||||&#8221; header_3_text_color=&#8221;#91b3a9&#8243;] Un supervivent a les nostres platges El corriol camanegre \u00e9s un ocell protegit d\u2019uns 40 grams de pes, que habita a [&hellip;]<\/p>\n","protected":false},"author":2,"featured_media":0,"parent":0,"menu_order":0,"comment_status":"closed","ping_status":"closed","template":"","meta":{"_et_pb_use_builder":"on","_et_pb_old_content":"","_et_gb_content_width":""},"yoast_head":"<!-- This site is optimized with the Yoast SEO plugin v15.2.1 - https:\/\/yoast.com\/wordpress\/plugins\/seo\/ -->\n<title>El corriol camanegre - Ecosistema litoral<\/title>\n<meta name=\"robots\" content=\"index, follow, max-snippet:-1, max-image-preview:large, max-video-preview:-1\" \/>\n<link rel=\"canonical\" href=\"https:\/\/ecosistemalitoral.dival.es\/index.php\/el-corriol-camanegre\/\" \/>\n<meta property=\"og:locale\" content=\"es_ES\" \/>\n<meta property=\"og:type\" content=\"article\" \/>\n<meta property=\"og:title\" content=\"El corriol camanegre - Ecosistema litoral\" \/>\n<meta property=\"og:description\" content=\"[et_pb_section fb_built=&#8221;1&#8243; _builder_version=&#8221;4.6.1&#8243; _module_preset=&#8221;default&#8221; custom_padding=&#8221;0px||0px|||&#8221;][et_pb_row _builder_version=&#8221;4.6.1&#8243; _module_preset=&#8221;default&#8221;][et_pb_column type=&#8221;4_4&#8243; _builder_version=&#8221;4.6.1&#8243; _module_preset=&#8221;default&#8221;][et_pb_text _builder_version=&#8221;4.6.1&#8243; _module_preset=&#8221;default&#8221; header_font=&#8221;|700||on|||||&#8221; header_font_size=&#8221;45px&#8221; header_2_font=&#8221;|700||on|||||&#8221; header_2_font_size=&#8221;45px&#8221;] El corriol camanegre Charadrius alexandrinus [\/et_pb_text][\/et_pb_column][\/et_pb_row][et_pb_row column_structure=&#8221;1_2,1_2&#8243; _builder_version=&#8221;4.6.1&#8243; _module_preset=&#8221;default&#8221; custom_padding=&#8221;0px|||||&#8221;][et_pb_column type=&#8221;1_2&#8243; _builder_version=&#8221;4.6.1&#8243; _module_preset=&#8221;default&#8221;][et_pb_text _builder_version=&#8221;4.6.1&#8243; _module_preset=&#8221;default&#8221; header_2_text_color=&#8221;#91b3a9&#8243; header_3_font=&#8221;|700||on|||||&#8221; header_3_text_color=&#8221;#91b3a9&#8243;] Un supervivent a les nostres platges El corriol camanegre \u00e9s un ocell protegit d\u2019uns 40 grams de pes, que habita a [&hellip;]\" \/>\n<meta property=\"og:url\" content=\"https:\/\/ecosistemalitoral.dival.es\/index.php\/el-corriol-camanegre\/\" \/>\n<meta property=\"og:site_name\" content=\"Ecosistema litoral\" \/>\n<meta property=\"article:modified_time\" content=\"2021-06-02T07:18:24+00:00\" \/>\n<meta name=\"twitter:card\" content=\"summary_large_image\" \/>\n<meta name=\"twitter:label1\" content=\"Escrito por\">\n\t<meta name=\"twitter:data1\" content=\"Raul Carrion\">\n\t<meta name=\"twitter:label2\" content=\"Tiempo de lectura\">\n\t<meta name=\"twitter:data2\" content=\"8 minutos\">\n<script type=\"application\/ld+json\" class=\"yoast-schema-graph\">{\"@context\":\"https:\/\/schema.org\",\"@graph\":[{\"@type\":\"WebSite\",\"@id\":\"https:\/\/ecosistemalitoral.dival.es\/#website\",\"url\":\"https:\/\/ecosistemalitoral.dival.es\/\",\"name\":\"Ecosistema litoral\",\"description\":\"Es el sitio por defecto\",\"potentialAction\":[{\"@type\":\"SearchAction\",\"target\":\"https:\/\/ecosistemalitoral.dival.es\/?s={search_term_string}\",\"query-input\":\"required name=search_term_string\"}],\"inLanguage\":\"es\"},{\"@type\":\"WebPage\",\"@id\":\"https:\/\/ecosistemalitoral.dival.es\/index.php\/el-corriol-camanegre\/#webpage\",\"url\":\"https:\/\/ecosistemalitoral.dival.es\/index.php\/el-corriol-camanegre\/\",\"name\":\"El corriol camanegre - Ecosistema litoral\",\"isPartOf\":{\"@id\":\"https:\/\/ecosistemalitoral.dival.es\/#website\"},\"datePublished\":\"2021-05-05T07:59:54+00:00\",\"dateModified\":\"2021-06-02T07:18:24+00:00\",\"inLanguage\":\"es\",\"potentialAction\":[{\"@type\":\"ReadAction\",\"target\":[\"https:\/\/ecosistemalitoral.dival.es\/index.php\/el-corriol-camanegre\/\"]}]}]}<\/script>\n<!-- \/ Yoast SEO plugin. -->","_links":{"self":[{"href":"https:\/\/ecosistemalitoral.dival.es\/index.php\/wp-json\/wp\/v2\/pages\/539"}],"collection":[{"href":"https:\/\/ecosistemalitoral.dival.es\/index.php\/wp-json\/wp\/v2\/pages"}],"about":[{"href":"https:\/\/ecosistemalitoral.dival.es\/index.php\/wp-json\/wp\/v2\/types\/page"}],"author":[{"embeddable":true,"href":"https:\/\/ecosistemalitoral.dival.es\/index.php\/wp-json\/wp\/v2\/users\/2"}],"replies":[{"embeddable":true,"href":"https:\/\/ecosistemalitoral.dival.es\/index.php\/wp-json\/wp\/v2\/comments?post=539"}],"version-history":[{"count":10,"href":"https:\/\/ecosistemalitoral.dival.es\/index.php\/wp-json\/wp\/v2\/pages\/539\/revisions"}],"predecessor-version":[{"id":819,"href":"https:\/\/ecosistemalitoral.dival.es\/index.php\/wp-json\/wp\/v2\/pages\/539\/revisions\/819"}],"wp:attachment":[{"href":"https:\/\/ecosistemalitoral.dival.es\/index.php\/wp-json\/wp\/v2\/media?parent=539"}],"curies":[{"name":"wp","href":"https:\/\/api.w.org\/{rel}","templated":true}]}}